{"id":235,"date":"2016-06-07T10:30:22","date_gmt":"2016-06-07T10:30:22","guid":{"rendered":"http:\/\/www.coffeecreamthemes.com\/themes\/evnt\/wordpress\/?page_id=235"},"modified":"2021-04-20T12:15:00","modified_gmt":"2021-04-20T12:15:00","slug":"contact","status":"publish","type":"page","link":"https:\/\/teorieapraxehudebnivychovy.pedf.cuni.cz\/index.php\/contact\/","title":{"rendered":"Kontakt"},"content":{"rendered":"<p>[vc_row][vc_column css=&#8221;.vc_custom_1465236747506{border-bottom-width: 1px !important;border-bottom-color: #000000 !important;}&#8221;]<div class=\"section-title headings  text-center\"><h1>Kontakty na n\u00e1s<\/h1><\/div><hr class=\"thick\"><\/hr>[\/vc_column][\/vc_row][vc_row css=&#8221;.vc_custom_1466689758685{padding-bottom: 8rem !important;}&#8221;][vc_column width=&#8221;1\/3&#8243;]<h5>Hlavn\u00ed organiz\u00e1torka<\/h5>\n                        <address>Michaela Zelkov\u00e1<br><\/address><p class=\"phone\"><a href=\"tel:+420775614372\">+420775614372<\/a><\/p><p class=\"email\"><a href=\"mailto:michaela.zelkova@pedf.cuni.cz\">michaela.zelkova@pedf.cuni.cz<\/a><\/p>[\/vc_column][vc_column width=&#8221;1\/3&#8243;]<h5>Hlavn\u00ed kontakt pro odbornou \u010d\u00e1st konference<\/h5>\n                        <address>Milena Kmentov\u00e1<br><\/address><p class=\"email\"><a href=\"mailto:milena.kmentova@pedf.cuni.cz\">milena.kmentova@pedf.cuni.cz<\/a><\/p>[\/vc_column][\/vc_row][vc_row full_width=&#8221;stretch_row_content_no_spaces&#8221;][vc_column][vc_gmaps link=&#8221;#E-8_JTNDaWZyYW1lJTIwc3JjJTNEJTIyaHR0cHMlM0ElMkYlMkZ3d3cuZ29vZ2xlLmNvbSUyRm1hcHMlMkZlbWJlZCUzRnBiJTNEJTIxMW0xOCUyMTFtMTIlMjExbTMlMjExZDI1NjAuMzQ0MzAzODA3NjkzNCUyMTJkMTQuNDE4NDgwNzE1OTQ4MTQlMjEzZDUwLjA3OTg0MDI3OTQyNTg5NSUyMTJtMyUyMTFmMCUyMTJmMCUyMTNmMCUyMTNtMiUyMTFpMTAyNCUyMTJpNzY4JTIxNGYxMy4xJTIxM20zJTIxMW0yJTIxMXMweDQ3MGI5NGYyMTUyODUxMzUlMjUzQTB4MjFlNzVmYzVlMWFiYzdlNyUyMTJzUGVkYWdvZ2ljayUyNUMzJTI1QTElMjUyMGZha3VsdGElMjUyMFVLJTIxNWUwJTIxM20yJTIxMXNjcyUyMTJzY3olMjE0djE2MTg5MjA3ODIzNTglMjE1bTIlMjExc2NzJTIxMnNjeiUyMiUyMHdpZHRoJTNEJTIyNjAwJTIyJTIwaGVpZ2h0JTNEJTIyNDUwJTIyJTIwc3R5bGUlM0QlMjJib3JkZXIlM0EwJTNCJTIyJTIwYWxsb3dmdWxsc2NyZWVuJTNEJTIyJTIyJTIwbG9hZGluZyUzRCUyMmxhenklMjIlM0UlM0MlMkZpZnJhbWUlM0U=&#8221;][\/vc_column][\/vc_row][vc_row css=&#8221;.vc_custom_1466689673209{padding-top: 8rem !important;padding-bottom: 8rem !important;}&#8221;][vc_column]<div class=\"section-title headings  text-center\"><h1>Napi\u0161te n\u00e1m<\/h1><h6>Budeme se sna\u017eit pomoci s jak\u00fdmkoliv dotazem<\/h6><\/div><div role=\"form\" class=\"wpcf7\" id=\"wpcf7-f236-o1\" lang=\"en-US\" dir=\"ltr\">\n<div class=\"screen-reader-response\"><p role=\"status\" aria-live=\"polite\" aria-atomic=\"true\"><\/p> <ul><\/ul><\/div>\n<form action=\"\/index.php\/wp-json\/wp\/v2\/pages\/235#wpcf7-f236-o1\" method=\"post\" class=\"wpcf7-form init\" novalidate=\"novalidate\" data-status=\"init\">\n<div style=\"display: none;\">\n<input type=\"hidden\" name=\"_wpcf7\" value=\"236\" \/>\n<input type=\"hidden\" name=\"_wpcf7_version\" value=\"5.4\" \/>\n<input type=\"hidden\" name=\"_wpcf7_locale\" value=\"en_US\" \/>\n<input type=\"hidden\" name=\"_wpcf7_unit_tag\" value=\"wpcf7-f236-o1\" \/>\n<input type=\"hidden\" name=\"_wpcf7_container_post\" value=\"0\" \/>\n<input type=\"hidden\" name=\"_wpcf7_posted_data_hash\" value=\"\" \/>\n<\/div>\n<div class=\"row\">\n<div class=\"col-sm-4 form-group\">\n        <label class=\"sr-only\" for=\"contact-name\">Name<\/label><br \/>\n         <span class=\"wpcf7-form-control-wrap your-name\"><input type=\"text\" name=\"your-name\" value=\"\" size=\"40\" class=\"wpcf7-form-control wpcf7-text wpcf7-validates-as-required form-control\" id=\"contact-name\" aria-required=\"true\" aria-invalid=\"false\" placeholder=\"Jm\u00e9no\" \/><\/span>\n    <\/div>\n<div class=\"col-sm-4 form-group\">\n        <label class=\"sr-only\" for=\"contact-email\">Email<\/label><br \/>\n       <span class=\"icon icon-user\"><\/span>  <span class=\"wpcf7-form-control-wrap your-email\"><input type=\"email\" name=\"your-email\" value=\"\" size=\"40\" class=\"wpcf7-form-control wpcf7-text wpcf7-email wpcf7-validates-as-required wpcf7-validates-as-email form-control\" id=\"contact-email\" aria-required=\"true\" aria-invalid=\"false\" placeholder=\"E-mail\" \/><\/span>\n    <\/div>\n<div class=\"col-sm-4 form-group\">\n        <label class=\"sr-only\" for=\"contact-subject\">Subject<\/label><br \/>\n       <span class=\"icon icon-user\"><\/span>  <span class=\"wpcf7-form-control-wrap your-subject\"><input type=\"text\" name=\"your-subject\" value=\"\" size=\"40\" class=\"wpcf7-form-control wpcf7-text wpcf7-validates-as-required form-control\" id=\"contact-subject\" aria-required=\"true\" aria-invalid=\"false\" placeholder=\"P\u0159edm\u011bt\" \/><\/span>\n    <\/div>\n<\/div>\n<div class=\"row\">\n<div class=\"col-sm-12 form-group\">\n        <label class=\"sr-only\" for=\"contact-message\">Message<\/label><br \/>\n       <span class=\"icon icon-user\"><\/span>  <span class=\"wpcf7-form-control-wrap your-message\"><textarea name=\"your-message\" cols=\"40\" rows=\"10\" class=\"wpcf7-form-control wpcf7-textarea form-control\" id=\"contact-message\" aria-invalid=\"false\" placeholder=\"Va\u0161e zpr\u00e1va\"><\/textarea><\/span><\/p>\n<\/div>\n<\/div>\n<div class=\"row\">\n<div class=\"col-sm-12 text-center\">\n        <input type=\"submit\" value=\"Poslat\" class=\"wpcf7-form-control wpcf7-submit btn btn-primary\" \/>\n    <\/div>\n<\/div>\n<div class=\"wpcf7-response-output\" aria-hidden=\"true\"><\/div><\/form><\/div>[\/vc_column][\/vc_row]<\/p>\n","protected":false},"excerpt":{"rendered":"<p>[vc_row][vc_column css=&#8221;.vc_custom_1465236747506{border-bottom-width: 1px !important;border-bottom-color: #000000 !important;}&#8221;][\/vc_column][\/vc_row][vc_row css=&#8221;.vc_custom_1466689758685{padding-bottom: 8rem !important;}&#8221;][vc_column width=&#8221;1\/3&#8243;][\/vc_column][vc_column width=&#8221;1\/3&#8243;][\/vc_column][\/vc_row][vc_row full_width=&#8221;stretch_row_content_no_spaces&#8221;][vc_column][vc_gmaps link=&#8221;#E-8_JTNDaWZyYW1lJTIwc3JjJTNEJTIyaHR0cHMlM0ElMkYlMkZ3d3cuZ29vZ2xlLmNvbSUyRm1hcHMlMkZlbWJlZCUzRnBiJTNEJTIxMW0xOCUyMTFtMTIlMjExbTMlMjExZDI1NjAuMzQ0MzAzODA3NjkzNCUyMTJkMTQuNDE4NDgwNzE1OTQ4MTQlMjEzZDUwLjA3OTg0MDI3OTQyNTg5NSUyMTJtMyUyMTFmMCUyMTJmMCUyMTNmMCUyMTNtMiUyMTFpMTAyNCUyMTJpNzY4JTIxNGYxMy4xJTIxM20zJTIxMW0yJTIxMXMweDQ3MGI5NGYyMTUyODUxMzUlMjUzQTB4MjFlNzVmYzVlMWFiYzdlNyUyMTJzUGVkYWdvZ2ljayUyNUMzJTI1QTElMjUyMGZha3VsdGElMjUyMFVLJTIxNWUwJTIxM20yJTIxMXNjcyUyMTJzY3olMjE0djE2MTg5MjA3ODIzNTglMjE1bTIlMjExc2NzJTIxMnNjeiUyMiUyMHdpZHRoJTNEJTIyNjAwJTIyJTIwaGVpZ2h0JTNEJTIyNDUwJTIyJTIwc3R5bGUlM0QlMjJib3JkZXIlM0EwJTNCJTIyJTIwYWxsb3dmdWxsc2NyZWVuJTNEJTIyJTIyJTIwbG9hZGluZyUzRCUyMmxhenklMjIlM0UlM0MlMkZpZnJhbWUlM0U=&#8221;][\/vc_column][\/vc_row][vc_row css=&#8221;.vc_custom_1466689673209{padding-top: 8rem !important;padding-bottom: 8rem !important;}&#8221;][vc_column][\/vc_column][\/vc_row]<\/p>\n","protected":false},"author":1,"featured_media":0,"parent":0,"menu_order":0,"comment_status":"closed","ping_status":"closed","template":"","meta":[],"_links":{"self":[{"href":"https:\/\/teorieapraxehudebnivychovy.pedf.cuni.cz\/index.php\/wp-json\/wp\/v2\/pages\/235"}],"collection":[{"href":"https:\/\/teorieapraxehudebnivychovy.pedf.cuni.cz\/index.php\/wp-json\/wp\/v2\/pages"}],"about":[{"href":"https:\/\/teorieapraxehudebnivychovy.pedf.cuni.cz\/index.php\/wp-json\/wp\/v2\/types\/page"}],"author":[{"embeddable":true,"href":"https:\/\/teorieapraxehudebnivychovy.pedf.cuni.cz\/index.php\/wp-json\/wp\/v2\/users\/1"}],"replies":[{"embeddable":true,"href":"https:\/\/teorieapraxehudebnivychovy.pedf.cuni.cz\/index.php\/wp-json\/wp\/v2\/comments?post=235"}],"version-history":[{"count":2,"href":"https:\/\/teorieapraxehudebnivychovy.pedf.cuni.cz\/index.php\/wp-json\/wp\/v2\/pages\/235\/revisions"}],"predecessor-version":[{"id":1288,"href":"https:\/\/teorieapraxehudebnivychovy.pedf.cuni.cz\/index.php\/wp-json\/wp\/v2\/pages\/235\/revisions\/1288"}],"wp:attachment":[{"href":"https:\/\/teorieapraxehudebnivychovy.pedf.cuni.cz\/index.php\/wp-json\/wp\/v2\/media?parent=235"}],"curies":[{"name":"wp","href":"https:\/\/api.w.org\/{rel}","templated":true}]}}